{"id":288,"date":"2018-11-27T09:17:08","date_gmt":"2018-11-27T09:17:08","guid":{"rendered":"https:\/\/websitedemos.net\/discover-outdoors\/?page_id=5"},"modified":"2021-08-17T14:41:06","modified_gmt":"2021-08-17T14:41:06","slug":"quem-somos","status":"publish","type":"page","link":"https:\/\/rioalternativetour.com.br\/pt_br\/quem-somos\/","title":{"rendered":"QUEM SOMOS"},"content":{"rendered":"\t\t<div data-elementor-type=\"wp-post\" data-elementor-id=\"288\" class=\"elementor elementor-288\" data-elementor-post-type=\"page\">\n\t\t\t\t\t\t<section class=\"elementor-section elementor-top-section elementor-element elementor-element-d7d8b56 elementor-section-height-min-height elementor-section-boxed elementor-section-height-default elementor-section-items-middle\" data-id=\"d7d8b56\" data-element_type=\"section\" data-e-type=\"section\" data-settings=\"{&quot;background_background&quot;:&quot;classic&quot;}\">\n\t\t\t\t\t\t\t<div class=\"elementor-background-overlay\"><\/div>\n\t\t\t\t\t\t\t<div class=\"elementor-container elementor-column-gap-default\">\n\t\t\t\t\t<div class=\"elementor-column elementor-col-33 elementor-top-column elementor-element elementor-element-b3d335b\" data-id=\"b3d335b\" data-element_type=\"column\" data-e-type=\"column\">\n\t\t\t<div class=\"elementor-widget-wrap\">\n\t\t\t\t\t\t\t<\/div>\n\t\t<\/div>\n\t\t\t\t<div class=\"elementor-column elementor-col-33 elementor-top-column elementor-element elementor-element-fd69444\" data-id=\"fd69444\" data-element_type=\"column\" data-e-type=\"column\">\n\t\t\t<div class=\"elementor-widget-wrap elementor-element-populated\">\n\t\t\t\t\t\t\t<\/div>\n\t\t<\/div>\n\t\t\t\t<div class=\"elementor-column elementor-col-33 elementor-top-column elementor-element elementor-element-674669b\" data-id=\"674669b\" data-element_type=\"column\" data-e-type=\"column\">\n\t\t\t<div class=\"elementor-widget-wrap\">\n\t\t\t\t\t\t\t<\/div>\n\t\t<\/div>\n\t\t\t\t\t<\/div>\n\t\t<\/section>\n\t\t\t\t<section class=\"elementor-section elementor-top-section elementor-element elementor-element-ea77dbf elementor-section-boxed elementor-section-height-default elementor-section-height-default\" data-id=\"ea77dbf\" data-element_type=\"section\" data-e-type=\"section\">\n\t\t\t\t\t\t<div class=\"elementor-container elementor-column-gap-default\">\n\t\t\t\t\t<div class=\"elementor-column elementor-col-100 elementor-top-column elementor-element elementor-element-83a812a\" data-id=\"83a812a\" data-element_type=\"column\" data-e-type=\"column\">\n\t\t\t<div class=\"elementor-widget-wrap elementor-element-populated\">\n\t\t\t\t\t\t<div class=\"elementor-element elementor-element-7568023 elementor-widget elementor-widget-heading\" data-id=\"7568023\" data-element_type=\"widget\" data-e-type=\"widget\" data-widget_type=\"heading.default\">\n\t\t\t\t<div class=\"elementor-widget-container\">\n\t\t\t\t\t<h2 class=\"elementor-heading-title elementor-size-default\">A EMPRESA<\/h2>\t\t\t\t<\/div>\n\t\t\t\t<\/div>\n\t\t\t\t<div class=\"elementor-element elementor-element-6381d0c elementor-widget-divider--view-line elementor-widget elementor-widget-divider\" data-id=\"6381d0c\" data-element_type=\"widget\" data-e-type=\"widget\" data-widget_type=\"divider.default\">\n\t\t\t\t<div class=\"elementor-widget-container\">\n\t\t\t\t\t\t\t<div class=\"elementor-divider\">\n\t\t\t<span class=\"elementor-divider-separator\">\n\t\t\t\t\t\t<\/span>\n\t\t<\/div>\n\t\t\t\t\t\t<\/div>\n\t\t\t\t<\/div>\n\t\t\t\t<section class=\"elementor-section elementor-inner-section elementor-element elementor-element-fb8691f elementor-section-boxed elementor-section-height-default elementor-section-height-default\" data-id=\"fb8691f\" data-element_type=\"section\" data-e-type=\"section\">\n\t\t\t\t\t\t<div class=\"elementor-container elementor-column-gap-default\">\n\t\t\t\t\t<div class=\"elementor-column elementor-col-50 elementor-inner-column elementor-element elementor-element-ed3a119\" data-id=\"ed3a119\" data-element_type=\"column\" data-e-type=\"column\">\n\t\t\t<div class=\"elementor-widget-wrap elementor-element-populated\">\n\t\t\t\t\t\t<div class=\"elementor-element elementor-element-a927855 elementor-widget elementor-widget-image\" data-id=\"a927855\" data-element_type=\"widget\" data-e-type=\"widget\" data-widget_type=\"image.default\">\n\t\t\t\t<div class=\"elementor-widget-container\">\n\t\t\t\t\t\t\t\t\t\t\t\t\t\t\t<img decoding=\"async\" width=\"219\" height=\"226\" src=\"https:\/\/rioalternativetour.com.br\/wp-content\/uploads\/2021\/06\/icone.png\" class=\"attachment-large size-large wp-image-6938\" alt=\"\" \/>\t\t\t\t\t\t\t\t\t\t\t\t\t\t\t<\/div>\n\t\t\t\t<\/div>\n\t\t\t\t\t<\/div>\n\t\t<\/div>\n\t\t\t\t<div class=\"elementor-column elementor-col-50 elementor-inner-column elementor-element elementor-element-b77a2f4\" data-id=\"b77a2f4\" data-element_type=\"column\" data-e-type=\"column\">\n\t\t\t<div class=\"elementor-widget-wrap elementor-element-populated\">\n\t\t\t\t\t\t<div class=\"elementor-element elementor-element-6f7427b elementor-widget elementor-widget-text-editor\" data-id=\"6f7427b\" data-element_type=\"widget\" data-e-type=\"widget\" data-widget_type=\"text-editor.default\">\n\t\t\t\t<div class=\"elementor-widget-container\">\n\t\t\t\t\t\t\t\t\t<p>Criar momentos felizes e inesquec\u00edveis para nossos clientes \u00e9 o que mais nos motiva.<\/p><p>A RIO ALTERNATIVE TOUR garante que voc\u00ea ir\u00e1 se divertir e ter\u00e1 momentos memor\u00e1veis. Somos reconhecidos pela nossa excel\u00eancia no atendimento, com mais de 1.000 depoimentos 5 estrelas de nossos clientes de todo o mundo, em diversas plataformas.<\/p><p>Por 6 anos consecutivos fomos eleitos como uma das melhores empresas de turismo receptivo, pelo TripAdvisor \u2013 a maior plataforma de viagens do mundo, em raz\u00e3o dos excelentes coment\u00e1rios de nossos clientes.<\/p><p>Nossa grande reputa\u00e7\u00e3o foi constru\u00edda tour a tour, com muita dedica\u00e7\u00e3o e amor, pelo nosso trabalho, pelos nossos clientes, parceiros e pela vida.<\/p><p>Desenhamos e organizamos tours privados a sua medida, proporcionando experiencias em pequenos grupos, atividades exclusivas e eventos inesquec\u00edveis pelo Rio de Janeiro.\u00a0<\/p>\t\t\t\t\t\t\t\t<\/div>\n\t\t\t\t<\/div>\n\t\t\t\t\t<\/div>\n\t\t<\/div>\n\t\t\t\t\t<\/div>\n\t\t<\/section>\n\t\t\t\t<div class=\"elementor-element elementor-element-f1312d9 elementor-widget elementor-widget-text-editor\" data-id=\"f1312d9\" data-element_type=\"widget\" data-e-type=\"widget\" data-widget_type=\"text-editor.default\">\n\t\t\t\t<div class=\"elementor-widget-container\">\n\t\t\t\t\t\t\t\t\t<p>Passeios, translados, reservas de hot\u00e9is, organiza\u00e7\u00e3o de eventos, tudo orientado ao detalhe e a excel\u00eancia, criamos uma atmosfera de prazer e seguran\u00e7a, materializando o seu desejo de vivenciar o Rio de Janeiro de forma exclusiva.<\/p><p>Realizamos os seus sonhos e te oferecemos a oportunidade de ver, sentir e provar o melhor que a cidade maravilhosa e seus arredores oferece.<\/p><p>A RIO ALTERNATIVE TOUR possui anos de experiencia e profissionalismo para garantir um servi\u00e7o de alta qualidade em que n\u00e3o faltar\u00e1 aten\u00e7\u00e3o aos detalhes e a hospitalidade para garantir resultados excelentes e momentos memor\u00e1veis.<\/p><p>Estamos a sua disposi\u00e7\u00e3o, de sua fam\u00edlia, amigos e de seus clientes.<\/p>\t\t\t\t\t\t\t\t<\/div>\n\t\t\t\t<\/div>\n\t\t\t\t\t<\/div>\n\t\t<\/div>\n\t\t\t\t\t<\/div>\n\t\t<\/section>\n\t\t\t\t<section class=\"elementor-section elementor-top-section elementor-element elementor-element-c55e4b1 elementor-section-boxed elementor-section-height-default elementor-section-height-default\" data-id=\"c55e4b1\" data-element_type=\"section\" data-e-type=\"section\" data-settings=\"{&quot;background_background&quot;:&quot;classic&quot;}\">\n\t\t\t\t\t\t<div class=\"elementor-container elementor-column-gap-default\">\n\t\t\t\t\t<div class=\"elementor-column elementor-col-100 elementor-top-column elementor-element elementor-element-3b8736d\" data-id=\"3b8736d\" data-element_type=\"column\" data-e-type=\"column\">\n\t\t\t<div class=\"elementor-widget-wrap elementor-element-populated\">\n\t\t\t\t\t\t<div class=\"elementor-element elementor-element-671f083 elementor-widget elementor-widget-heading\" data-id=\"671f083\" data-element_type=\"widget\" data-e-type=\"widget\" data-widget_type=\"heading.default\">\n\t\t\t\t<div class=\"elementor-widget-container\">\n\t\t\t\t\t<h2 class=\"elementor-heading-title elementor-size-default\">FUNDADORES<\/h2>\t\t\t\t<\/div>\n\t\t\t\t<\/div>\n\t\t\t\t<div class=\"elementor-element elementor-element-5e4991b elementor-widget-divider--view-line elementor-widget elementor-widget-divider\" data-id=\"5e4991b\" data-element_type=\"widget\" data-e-type=\"widget\" data-widget_type=\"divider.default\">\n\t\t\t\t<div class=\"elementor-widget-container\">\n\t\t\t\t\t\t\t<div class=\"elementor-divider\">\n\t\t\t<span class=\"elementor-divider-separator\">\n\t\t\t\t\t\t<\/span>\n\t\t<\/div>\n\t\t\t\t\t\t<\/div>\n\t\t\t\t<\/div>\n\t\t\t\t<div class=\"elementor-element elementor-element-b373496 elementor-hidden-phone elementor-widget elementor-widget-image\" data-id=\"b373496\" data-element_type=\"widget\" data-e-type=\"widget\" data-widget_type=\"image.default\">\n\t\t\t\t<div class=\"elementor-widget-container\">\n\t\t\t\t\t\t\t\t\t\t\t\t\t\t\t<img fetchpriority=\"high\" decoding=\"async\" width=\"1920\" height=\"650\" src=\"https:\/\/rioalternativetour.com.br\/wp-content\/uploads\/2021\/07\/banner-2.jpg\" class=\"attachment-full size-full wp-image-6848\" alt=\"banner-2\" srcset=\"https:\/\/rioalternativetour.com.br\/wp-content\/uploads\/2021\/07\/banner-2.jpg 1920w, https:\/\/rioalternativetour.com.br\/wp-content\/uploads\/2021\/07\/banner-2-300x102.jpg 300w, https:\/\/rioalternativetour.com.br\/wp-content\/uploads\/2021\/07\/banner-2-1024x347.jpg 1024w, https:\/\/rioalternativetour.com.br\/wp-content\/uploads\/2021\/07\/banner-2-768x260.jpg 768w, https:\/\/rioalternativetour.com.br\/wp-content\/uploads\/2021\/07\/banner-2-1536x520.jpg 1536w\" sizes=\"(max-width: 1920px) 100vw, 1920px\" \/>\t\t\t\t\t\t\t\t\t\t\t\t\t\t\t<\/div>\n\t\t\t\t<\/div>\n\t\t\t\t<div class=\"elementor-element elementor-element-33d246a elementor-hidden-desktop elementor-hidden-tablet elementor-widget elementor-widget-image\" data-id=\"33d246a\" data-element_type=\"widget\" data-e-type=\"widget\" data-widget_type=\"image.default\">\n\t\t\t\t<div class=\"elementor-widget-container\">\n\t\t\t\t\t\t\t\t\t\t\t\t\t\t\t<img decoding=\"async\" width=\"1079\" height=\"837\" src=\"https:\/\/rioalternativetour.com.br\/wp-content\/uploads\/2021\/07\/foto-principal-mobile-min.jpg\" class=\"attachment-full size-full wp-image-6928\" alt=\"foto-principal-mobile-min\" srcset=\"https:\/\/rioalternativetour.com.br\/wp-content\/uploads\/2021\/07\/foto-principal-mobile-min.jpg 1079w, https:\/\/rioalternativetour.com.br\/wp-content\/uploads\/2021\/07\/foto-principal-mobile-min-300x233.jpg 300w, https:\/\/rioalternativetour.com.br\/wp-content\/uploads\/2021\/07\/foto-principal-mobile-min-1024x794.jpg 1024w, https:\/\/rioalternativetour.com.br\/wp-content\/uploads\/2021\/07\/foto-principal-mobile-min-768x596.jpg 768w\" sizes=\"(max-width: 1079px) 100vw, 1079px\" \/>\t\t\t\t\t\t\t\t\t\t\t\t\t\t\t<\/div>\n\t\t\t\t<\/div>\n\t\t\t\t<div class=\"elementor-element elementor-element-f7a5ac9 elementor-widget elementor-widget-text-editor\" data-id=\"f7a5ac9\" data-element_type=\"widget\" data-e-type=\"widget\" data-widget_type=\"text-editor.default\">\n\t\t\t\t<div class=\"elementor-widget-container\">\n\t\t\t\t\t\t\t\t\t<p>A RIO ALTERNATIVE TOUR foi idealizada em 2008, por Vicente Cardone, um viajante incans\u00e1vel, verdadeiro aventureiro e amante do desconhecido, apaixonado por explorar os diferentes lugares ao redor do mundo, pela possibilidade de explorar o novo.<\/p><p>Com uma capacidade de compreender as situa\u00e7\u00f5es que podem acontecer, ou como as pessoas podem ser, interessado em conhecer diferentes culturas e vibrante por fazer novos amigos, vislumbrou a oportunidade de oferecer um turismo diferenciado, com roteiros personalizados, de forma flex\u00edvel, segura e c\u00f4moda, dirigido a pessoas que acreditam na qualidade de vida e que buscam um turismo privativo, amig\u00e1vel e a sua medida.<\/p><p>Em dezembro de 2015 a empresa adquiriu uma nova e especial integrante, Lully Sampaio, sua mulher, companheira e amiga. <br \/>Confiante, ousada, mas com o \u201cfriozinho na barriga\u201d, partiu para a 4\u00aa transi\u00e7\u00e3o de carreira. Advogada, administradora financeira, gerente de projetos em finan\u00e7as e, ent\u00e3o, guia de turismo e fot\u00f3grafa.<br \/><br \/>Foi atrav\u00e9s da sua experi\u00eancia na resolu\u00e7\u00e3o de quest\u00f5es, dinamismo e praticidade desenvolvido em sua trajet\u00f3ria profissional, conjugado com a personalidade espont\u00e2nea, flex\u00edvel, paciente e divertida, guiar pela sua cidade natal, Rio de Janeiro, foi amor \u00e0 primeira vista, assim como foi por Vicente!!<\/p>\t\t\t\t\t\t\t\t<\/div>\n\t\t\t\t<\/div>\n\t\t\t\t\t<\/div>\n\t\t<\/div>\n\t\t\t\t\t<\/div>\n\t\t<\/section>\n\t\t\t\t<\/div>\n\t\t","protected":false},"excerpt":{"rendered":"<p>A EMPRESA Criar momentos felizes e inesquec\u00edveis para nossos clientes \u00e9 o que mais nos motiva. A RIO ALTERNATIVE TOUR garante que voc\u00ea ir\u00e1 se divertir e ter\u00e1 momentos memor\u00e1veis. Somos reconhecidos pela nossa excel\u00eancia no atendimento, com mais de 1.000 depoimentos 5 estrelas de nossos clientes de todo o mundo, em diversas plataformas. Por [&hellip;]<\/p>\n","protected":false},"author":1,"featured_media":0,"parent":0,"menu_order":2,"comment_status":"closed","ping_status":"closed","template":"","meta":{"footnotes":""},"class_list":["post-288","page","type-page","status-publish","hentry"],"_links":{"self":[{"href":"https:\/\/rioalternativetour.com.br\/pt_br\/wp-json\/wp\/v2\/pages\/288","targetHints":{"allow":["GET"]}}],"collection":[{"href":"https:\/\/rioalternativetour.com.br\/pt_br\/wp-json\/wp\/v2\/pages"}],"about":[{"href":"https:\/\/rioalternativetour.com.br\/pt_br\/wp-json\/wp\/v2\/types\/page"}],"author":[{"embeddable":true,"href":"https:\/\/rioalternativetour.com.br\/pt_br\/wp-json\/wp\/v2\/users\/1"}],"replies":[{"embeddable":true,"href":"https:\/\/rioalternativetour.com.br\/pt_br\/wp-json\/wp\/v2\/comments?post=288"}],"version-history":[{"count":0,"href":"https:\/\/rioalternativetour.com.br\/pt_br\/wp-json\/wp\/v2\/pages\/288\/revisions"}],"wp:attachment":[{"href":"https:\/\/rioalternativetour.com.br\/pt_br\/wp-json\/wp\/v2\/media?parent=288"}],"curies":[{"name":"wp","href":"https:\/\/api.w.org\/{rel}","templated":true}]}}