{"id":288,"date":"2018-11-27T09:17:08","date_gmt":"2018-11-27T09:17:08","guid":{"rendered":"https:\/\/websitedemos.net\/discover-outdoors\/?page_id=5"},"modified":"2021-08-17T14:41:06","modified_gmt":"2021-08-17T14:41:06","slug":"quienes-somos-2","status":"publish","type":"page","link":"https:\/\/rioalternativetour.com.br\/es\/quienes-somos-2\/","title":{"rendered":"QUEM SOMOS"},"content":{"rendered":"<div data-elementor-type=\"wp-post\" data-elementor-id=\"288\" class=\"elementor elementor-288\" data-elementor-post-type=\"page\">\n\t\t\t\t\t\t<section class=\"elementor-section elementor-top-section elementor-element elementor-element-d7d8b56 elementor-section-height-min-height elementor-section-boxed elementor-section-height-default elementor-section-items-middle\" data-id=\"d7d8b56\" data-element_type=\"section\" data-e-type=\"section\" data-settings=\"{&quot;background_background&quot;:&quot;classic&quot;}\">\n\t\t\t\t\t\t\t<div class=\"elementor-background-overlay\"><\/div>\n\t\t\t\t\t\t\t<div class=\"elementor-container elementor-column-gap-default\">\n\t\t\t\t\t<div class=\"elementor-column elementor-col-33 elementor-top-column elementor-element elementor-element-b3d335b\" data-id=\"b3d335b\" data-element_type=\"column\" data-e-type=\"column\">\n\t\t\t<div class=\"elementor-widget-wrap\">\n\t\t\t\t\t\t\t<\/div>\n\t\t<\/div>\n\t\t\t\t<div class=\"elementor-column elementor-col-33 elementor-top-column elementor-element elementor-element-fd69444\" data-id=\"fd69444\" data-element_type=\"column\" data-e-type=\"column\">\n\t\t\t<div class=\"elementor-widget-wrap elementor-element-populated\">\n\t\t\t\t\t\t\t<\/div>\n\t\t<\/div>\n\t\t\t\t<div class=\"elementor-column elementor-col-33 elementor-top-column elementor-element elementor-element-674669b\" data-id=\"674669b\" data-element_type=\"column\" data-e-type=\"column\">\n\t\t\t<div class=\"elementor-widget-wrap\">\n\t\t\t\t\t\t\t<\/div>\n\t\t<\/div>\n\t\t\t\t\t<\/div>\n\t\t<\/section>\n\t\t\t\t<section class=\"elementor-section elementor-top-section elementor-element elementor-element-ea77dbf elementor-section-boxed elementor-section-height-default elementor-section-height-default\" data-id=\"ea77dbf\" data-element_type=\"section\" data-e-type=\"section\">\n\t\t\t\t\t\t<div class=\"elementor-container elementor-column-gap-default\">\n\t\t\t\t\t<div class=\"elementor-column elementor-col-100 elementor-top-column elementor-element elementor-element-83a812a\" data-id=\"83a812a\" data-element_type=\"column\" data-e-type=\"column\">\n\t\t\t<div class=\"elementor-widget-wrap elementor-element-populated\">\n\t\t\t\t\t\t<div class=\"elementor-element elementor-element-7568023 elementor-widget elementor-widget-heading\" data-id=\"7568023\" data-element_type=\"widget\" data-e-type=\"widget\" data-widget_type=\"heading.default\">\n\t\t\t\t<div class=\"elementor-widget-container\">\n\t\t\t\t\t<h2 class=\"elementor-heading-title elementor-size-default\">LA EMPRESA<\/h2>\t\t\t\t<\/div>\n\t\t\t\t<\/div>\n\t\t\t\t<div class=\"elementor-element elementor-element-6381d0c elementor-widget-divider--view-line elementor-widget elementor-widget-divider\" data-id=\"6381d0c\" data-element_type=\"widget\" data-e-type=\"widget\" data-widget_type=\"divider.default\">\n\t\t\t\t<div class=\"elementor-widget-container\">\n\t\t\t\t\t\t\t<div class=\"elementor-divider\">\n\t\t\t<span class=\"elementor-divider-separator\">\n\t\t\t\t\t\t<\/span>\n\t\t<\/div>\n\t\t\t\t\t\t<\/div>\n\t\t\t\t<\/div>\n\t\t\t\t<section class=\"elementor-section elementor-inner-section elementor-element elementor-element-fb8691f elementor-section-boxed elementor-section-height-default elementor-section-height-default\" data-id=\"fb8691f\" data-element_type=\"section\" data-e-type=\"section\">\n\t\t\t\t\t\t<div class=\"elementor-container elementor-column-gap-default\">\n\t\t\t\t\t<div class=\"elementor-column elementor-col-50 elementor-inner-column elementor-element elementor-element-ed3a119\" data-id=\"ed3a119\" data-element_type=\"column\" data-e-type=\"column\">\n\t\t\t<div class=\"elementor-widget-wrap elementor-element-populated\">\n\t\t\t\t\t\t<div class=\"elementor-element elementor-element-a927855 elementor-widget elementor-widget-image\" data-id=\"a927855\" data-element_type=\"widget\" data-e-type=\"widget\" data-widget_type=\"image.default\">\n\t\t\t\t<div class=\"elementor-widget-container\">\n\t\t\t\t\t\t\t\t\t\t\t\t\t\t\t<img decoding=\"async\" width=\"219\" height=\"226\" src=\"https:\/\/rioalternativetour.com.br\/wp-content\/uploads\/2021\/06\/icone.png\" class=\"attachment-large size-large wp-image-6938\" alt=\"\" \/>\t\t\t\t\t\t\t\t\t\t\t\t\t\t\t<\/div>\n\t\t\t\t<\/div>\n\t\t\t\t\t<\/div>\n\t\t<\/div>\n\t\t\t\t<div class=\"elementor-column elementor-col-50 elementor-inner-column elementor-element elementor-element-b77a2f4\" data-id=\"b77a2f4\" data-element_type=\"column\" data-e-type=\"column\">\n\t\t\t<div class=\"elementor-widget-wrap elementor-element-populated\">\n\t\t\t\t\t\t<div class=\"elementor-element elementor-element-6f7427b elementor-widget elementor-widget-text-editor\" data-id=\"6f7427b\" data-element_type=\"widget\" data-e-type=\"widget\" data-widget_type=\"text-editor.default\">\n\t\t\t\t<div class=\"elementor-widget-container\">\n\t\t\t\t\t\t\t\t\t<p>Crear momentos felices e inolvidables para nuestros clientes es lo que m\u00e1s nos motiva.<\/p><p>RIO ALTERNATIVE TOUR te garantiza diversi\u00f3n y momentos memorables. Somos reconocidos por nuestro excelente servicio, con m\u00e1s de 1000 testimonios de 5 estrellas de nuestros clientes de todo el mundo en diversas plataformas.<\/p><p>Por 6 a\u00f1os consecutivos hemos sido elegidos como una de las mejores empresas de turismo receptivo por TripAdvisor \u2013 la plataforma de viajes m\u00e1s grande del mundo \u2013 debido a las excelentes opiniones de nuestros clientes.<\/p><p>Nuestra gran reputaci\u00f3n se construy\u00f3 gira a gira, con mucha dedicaci\u00f3n y amor, por nuestro trabajo, por nuestros clientes, socios y por la vida.<\/p><p>Dise\u00f1amos y organizamos tours privados adaptados a sus necesidades, brindando experiencias en grupos peque\u00f1os, actividades exclusivas y eventos inolvidables en todo R\u00edo de Janeiro.\u00a0<\/p>\t\t\t\t\t\t\t\t<\/div>\n\t\t\t\t<\/div>\n\t\t\t\t\t<\/div>\n\t\t<\/div>\n\t\t\t\t\t<\/div>\n\t\t<\/section>\n\t\t\t\t<div class=\"elementor-element elementor-element-f1312d9 elementor-widget elementor-widget-text-editor\" data-id=\"f1312d9\" data-element_type=\"widget\" data-e-type=\"widget\" data-widget_type=\"text-editor.default\">\n\t\t\t\t<div class=\"elementor-widget-container\">\n\t\t\t\t\t\t\t\t\t<p>Tours, traslados, reservas de hotel, planificaci\u00f3n de eventos, todo centrado en el detalle y la excelencia, creamos un ambiente de placer y seguridad, cumpliendo su deseo de vivir R\u00edo de Janeiro de una manera exclusiva.<\/p><p>Hacemos realidad tus sue\u00f1os y te ofrecemos la oportunidad de ver, sentir y saborear lo mejor que la maravillosa ciudad y sus alrededores tienen para ofrecerte.<\/p><p>RIO ALTERNATIVE TOUR cuenta con a\u00f1os de experiencia y profesionalismo para garantizar un servicio de alta calidad con atenci\u00f3n al detalle y hospitalidad para asegurar excelentes resultados y momentos memorables.<\/p><p>Estamos a tu disposici\u00f3n, la de tu familia, la de tus amigos y la de tus clientes.<\/p>\t\t\t\t\t\t\t\t<\/div>\n\t\t\t\t<\/div>\n\t\t\t\t\t<\/div>\n\t\t<\/div>\n\t\t\t\t\t<\/div>\n\t\t<\/section>\n\t\t\t\t<section class=\"elementor-section elementor-top-section elementor-element elementor-element-c55e4b1 elementor-section-boxed elementor-section-height-default elementor-section-height-default\" data-id=\"c55e4b1\" data-element_type=\"section\" data-e-type=\"section\" data-settings=\"{&quot;background_background&quot;:&quot;classic&quot;}\">\n\t\t\t\t\t\t<div class=\"elementor-container elementor-column-gap-default\">\n\t\t\t\t\t<div class=\"elementor-column elementor-col-100 elementor-top-column elementor-element elementor-element-3b8736d\" data-id=\"3b8736d\" data-element_type=\"column\" data-e-type=\"column\">\n\t\t\t<div class=\"elementor-widget-wrap elementor-element-populated\">\n\t\t\t\t\t\t<div class=\"elementor-element elementor-element-671f083 elementor-widget elementor-widget-heading\" data-id=\"671f083\" data-element_type=\"widget\" data-e-type=\"widget\" data-widget_type=\"heading.default\">\n\t\t\t\t<div class=\"elementor-widget-container\">\n\t\t\t\t\t<h2 class=\"elementor-heading-title elementor-size-default\">FUNDADORES<\/h2>\t\t\t\t<\/div>\n\t\t\t\t<\/div>\n\t\t\t\t<div class=\"elementor-element elementor-element-5e4991b elementor-widget-divider--view-line elementor-widget elementor-widget-divider\" data-id=\"5e4991b\" data-element_type=\"widget\" data-e-type=\"widget\" data-widget_type=\"divider.default\">\n\t\t\t\t<div class=\"elementor-widget-container\">\n\t\t\t\t\t\t\t<div class=\"elementor-divider\">\n\t\t\t<span class=\"elementor-divider-separator\">\n\t\t\t\t\t\t<\/span>\n\t\t<\/div>\n\t\t\t\t\t\t<\/div>\n\t\t\t\t<\/div>\n\t\t\t\t<div class=\"elementor-element elementor-element-b373496 elementor-hidden-phone elementor-widget elementor-widget-image\" data-id=\"b373496\" data-element_type=\"widget\" data-e-type=\"widget\" data-widget_type=\"image.default\">\n\t\t\t\t<div class=\"elementor-widget-container\">\n\t\t\t\t\t\t\t\t\t\t\t\t\t\t\t<img fetchpriority=\"high\" decoding=\"async\" width=\"1920\" height=\"650\" src=\"https:\/\/rioalternativetour.com.br\/wp-content\/uploads\/2021\/07\/banner-2.jpg\" class=\"attachment-full size-full wp-image-6848\" alt=\"pancarta-2\" srcset=\"https:\/\/rioalternativetour.com.br\/wp-content\/uploads\/2021\/07\/banner-2.jpg 1920w, https:\/\/rioalternativetour.com.br\/wp-content\/uploads\/2021\/07\/banner-2-300x102.jpg 300w, https:\/\/rioalternativetour.com.br\/wp-content\/uploads\/2021\/07\/banner-2-1024x347.jpg 1024w, https:\/\/rioalternativetour.com.br\/wp-content\/uploads\/2021\/07\/banner-2-768x260.jpg 768w, https:\/\/rioalternativetour.com.br\/wp-content\/uploads\/2021\/07\/banner-2-1536x520.jpg 1536w\" sizes=\"(max-width: 1920px) 100vw, 1920px\" \/>\t\t\t\t\t\t\t\t\t\t\t\t\t\t\t<\/div>\n\t\t\t\t<\/div>\n\t\t\t\t<div class=\"elementor-element elementor-element-33d246a elementor-hidden-desktop elementor-hidden-tablet elementor-widget elementor-widget-image\" data-id=\"33d246a\" data-element_type=\"widget\" data-e-type=\"widget\" data-widget_type=\"image.default\">\n\t\t\t\t<div class=\"elementor-widget-container\">\n\t\t\t\t\t\t\t\t\t\t\t\t\t\t\t<img decoding=\"async\" width=\"1079\" height=\"837\" src=\"https:\/\/rioalternativetour.com.br\/wp-content\/uploads\/2021\/07\/foto-principal-mobile-min.jpg\" class=\"attachment-full size-full wp-image-6928\" alt=\"foto principal-m\u00f3vil-min\" srcset=\"https:\/\/rioalternativetour.com.br\/wp-content\/uploads\/2021\/07\/foto-principal-mobile-min.jpg 1079w, https:\/\/rioalternativetour.com.br\/wp-content\/uploads\/2021\/07\/foto-principal-mobile-min-300x233.jpg 300w, https:\/\/rioalternativetour.com.br\/wp-content\/uploads\/2021\/07\/foto-principal-mobile-min-1024x794.jpg 1024w, https:\/\/rioalternativetour.com.br\/wp-content\/uploads\/2021\/07\/foto-principal-mobile-min-768x596.jpg 768w\" sizes=\"(max-width: 1079px) 100vw, 1079px\" \/>\t\t\t\t\t\t\t\t\t\t\t\t\t\t\t<\/div>\n\t\t\t\t<\/div>\n\t\t\t\t<div class=\"elementor-element elementor-element-f7a5ac9 elementor-widget elementor-widget-text-editor\" data-id=\"f7a5ac9\" data-element_type=\"widget\" data-e-type=\"widget\" data-widget_type=\"text-editor.default\">\n\t\t\t\t<div class=\"elementor-widget-container\">\n\t\t\t\t\t\t\t\t\t<p>RIO ALTERNATIVE TOUR fue creado en 2008 por Vicente Cardone, un viajero incansable, verdadero aventurero y amante de lo desconocido, apasionado por explorar diferentes lugares alrededor del mundo, por la posibilidad de explorar lo nuevo.<\/p><p>Con una capacidad para comprender situaciones que se pueden presentar, o c\u00f3mo pueden ser las personas, interesadas en conocer diferentes culturas y entusiasmadas por hacer nuevas amistades, vio la oportunidad de ofrecer un turismo diferenciado, con itinerarios personalizados, de forma flexible, segura y c\u00f3moda, dirigido a personas que creen en la calidad de vida y que buscan un turismo privado, amable y a su medida.<\/p><p>En diciembre de 2015, la compa\u00f1\u00eda incorpor\u00f3 un nuevo y especial miembro, Lully Sampaio, su esposa, compa\u00f1era y amiga. <br \/>Segura de s\u00ed misma, audaz, pero con mariposas en el est\u00f3mago, se embarc\u00f3 en su cuarta transici\u00f3n profesional: abogada, administradora financiera, gerente de proyectos financieros y luego gu\u00eda tur\u00edstica y fot\u00f3grafa.<br \/><br \/>Fue a trav\u00e9s de su experiencia en la resoluci\u00f3n de problemas, el dinamismo y la practicidad desarrollados en su carrera profesional, aliados a su personalidad espont\u00e1nea, flexible, paciente y divertida, guiar por su ciudad natal, R\u00edo de Janeiro, fue amor a primera vista, tal como lo fue para Vicente!!<\/p>\t\t\t\t\t\t\t\t<\/div>\n\t\t\t\t<\/div>\n\t\t\t\t\t<\/div>\n\t\t<\/div>\n\t\t\t\t\t<\/div>\n\t\t<\/section>\n\t\t\t\t<\/div>","protected":false},"excerpt":{"rendered":"<p>A EMPRESA Criar momentos felizes e inesquec\u00edveis para nossos clientes \u00e9 o que mais nos motiva. A RIO ALTERNATIVE TOUR garante que voc\u00ea ir\u00e1 se divertir e ter\u00e1 momentos memor\u00e1veis. Somos reconhecidos pela nossa excel\u00eancia no atendimento, com mais de 1.000 depoimentos 5 estrelas de nossos clientes de todo o mundo, em diversas plataformas. Por [&hellip;]<\/p>\n","protected":false},"author":1,"featured_media":0,"parent":0,"menu_order":2,"comment_status":"closed","ping_status":"closed","template":"","meta":{"footnotes":""},"class_list":["post-288","page","type-page","status-publish","hentry"],"_links":{"self":[{"href":"https:\/\/rioalternativetour.com.br\/es\/wp-json\/wp\/v2\/pages\/288","targetHints":{"allow":["GET"]}}],"collection":[{"href":"https:\/\/rioalternativetour.com.br\/es\/wp-json\/wp\/v2\/pages"}],"about":[{"href":"https:\/\/rioalternativetour.com.br\/es\/wp-json\/wp\/v2\/types\/page"}],"author":[{"embeddable":true,"href":"https:\/\/rioalternativetour.com.br\/es\/wp-json\/wp\/v2\/users\/1"}],"replies":[{"embeddable":true,"href":"https:\/\/rioalternativetour.com.br\/es\/wp-json\/wp\/v2\/comments?post=288"}],"version-history":[{"count":0,"href":"https:\/\/rioalternativetour.com.br\/es\/wp-json\/wp\/v2\/pages\/288\/revisions"}],"wp:attachment":[{"href":"https:\/\/rioalternativetour.com.br\/es\/wp-json\/wp\/v2\/media?parent=288"}],"curies":[{"name":"wp","href":"https:\/\/api.w.org\/{rel}","templated":true}]}}