{"id":288,"date":"2018-11-27T09:17:08","date_gmt":"2018-11-27T09:17:08","guid":{"rendered":"https:\/\/websitedemos.net\/discover-outdoors\/?page_id=5"},"modified":"2021-08-17T14:41:06","modified_gmt":"2021-08-17T14:41:06","slug":"who-we-are","status":"publish","type":"page","link":"https:\/\/rioalternativetour.com.br\/en\/who-we-are\/","title":{"rendered":"WHO WE ARE"},"content":{"rendered":"<div data-elementor-type=\"wp-post\" data-elementor-id=\"288\" class=\"elementor elementor-288\" data-elementor-post-type=\"page\">\n\t\t\t\t\t\t<section class=\"elementor-section elementor-top-section elementor-element elementor-element-d7d8b56 elementor-section-height-min-height elementor-section-boxed elementor-section-height-default elementor-section-items-middle\" data-id=\"d7d8b56\" data-element_type=\"section\" data-e-type=\"section\" data-settings=\"{&quot;background_background&quot;:&quot;classic&quot;}\">\n\t\t\t\t\t\t\t<div class=\"elementor-background-overlay\"><\/div>\n\t\t\t\t\t\t\t<div class=\"elementor-container elementor-column-gap-default\">\n\t\t\t\t\t<div class=\"elementor-column elementor-col-33 elementor-top-column elementor-element elementor-element-b3d335b\" data-id=\"b3d335b\" data-element_type=\"column\" data-e-type=\"column\">\n\t\t\t<div class=\"elementor-widget-wrap\">\n\t\t\t\t\t\t\t<\/div>\n\t\t<\/div>\n\t\t\t\t<div class=\"elementor-column elementor-col-33 elementor-top-column elementor-element elementor-element-fd69444\" data-id=\"fd69444\" data-element_type=\"column\" data-e-type=\"column\">\n\t\t\t<div class=\"elementor-widget-wrap elementor-element-populated\">\n\t\t\t\t\t\t\t<\/div>\n\t\t<\/div>\n\t\t\t\t<div class=\"elementor-column elementor-col-33 elementor-top-column elementor-element elementor-element-674669b\" data-id=\"674669b\" data-element_type=\"column\" data-e-type=\"column\">\n\t\t\t<div class=\"elementor-widget-wrap\">\n\t\t\t\t\t\t\t<\/div>\n\t\t<\/div>\n\t\t\t\t\t<\/div>\n\t\t<\/section>\n\t\t\t\t<section class=\"elementor-section elementor-top-section elementor-element elementor-element-ea77dbf elementor-section-boxed elementor-section-height-default elementor-section-height-default\" data-id=\"ea77dbf\" data-element_type=\"section\" data-e-type=\"section\">\n\t\t\t\t\t\t<div class=\"elementor-container elementor-column-gap-default\">\n\t\t\t\t\t<div class=\"elementor-column elementor-col-100 elementor-top-column elementor-element elementor-element-83a812a\" data-id=\"83a812a\" data-element_type=\"column\" data-e-type=\"column\">\n\t\t\t<div class=\"elementor-widget-wrap elementor-element-populated\">\n\t\t\t\t\t\t<div class=\"elementor-element elementor-element-7568023 elementor-widget elementor-widget-heading\" data-id=\"7568023\" data-element_type=\"widget\" data-e-type=\"widget\" data-widget_type=\"heading.default\">\n\t\t\t\t<div class=\"elementor-widget-container\">\n\t\t\t\t\t<h2 class=\"elementor-heading-title elementor-size-default\">THE COMPANY<\/h2>\t\t\t\t<\/div>\n\t\t\t\t<\/div>\n\t\t\t\t<div class=\"elementor-element elementor-element-6381d0c elementor-widget-divider--view-line elementor-widget elementor-widget-divider\" data-id=\"6381d0c\" data-element_type=\"widget\" data-e-type=\"widget\" data-widget_type=\"divider.default\">\n\t\t\t\t<div class=\"elementor-widget-container\">\n\t\t\t\t\t\t\t<div class=\"elementor-divider\">\n\t\t\t<span class=\"elementor-divider-separator\">\n\t\t\t\t\t\t<\/span>\n\t\t<\/div>\n\t\t\t\t\t\t<\/div>\n\t\t\t\t<\/div>\n\t\t\t\t<section class=\"elementor-section elementor-inner-section elementor-element elementor-element-fb8691f elementor-section-boxed elementor-section-height-default elementor-section-height-default\" data-id=\"fb8691f\" data-element_type=\"section\" data-e-type=\"section\">\n\t\t\t\t\t\t<div class=\"elementor-container elementor-column-gap-default\">\n\t\t\t\t\t<div class=\"elementor-column elementor-col-50 elementor-inner-column elementor-element elementor-element-ed3a119\" data-id=\"ed3a119\" data-element_type=\"column\" data-e-type=\"column\">\n\t\t\t<div class=\"elementor-widget-wrap elementor-element-populated\">\n\t\t\t\t\t\t<div class=\"elementor-element elementor-element-a927855 elementor-widget elementor-widget-image\" data-id=\"a927855\" data-element_type=\"widget\" data-e-type=\"widget\" data-widget_type=\"image.default\">\n\t\t\t\t<div class=\"elementor-widget-container\">\n\t\t\t\t\t\t\t\t\t\t\t\t\t\t\t<img decoding=\"async\" width=\"219\" height=\"226\" src=\"https:\/\/rioalternativetour.com.br\/wp-content\/uploads\/2021\/06\/icone.png\" class=\"attachment-large size-large wp-image-6938\" alt=\"\" \/>\t\t\t\t\t\t\t\t\t\t\t\t\t\t\t<\/div>\n\t\t\t\t<\/div>\n\t\t\t\t\t<\/div>\n\t\t<\/div>\n\t\t\t\t<div class=\"elementor-column elementor-col-50 elementor-inner-column elementor-element elementor-element-b77a2f4\" data-id=\"b77a2f4\" data-element_type=\"column\" data-e-type=\"column\">\n\t\t\t<div class=\"elementor-widget-wrap elementor-element-populated\">\n\t\t\t\t\t\t<div class=\"elementor-element elementor-element-6f7427b elementor-widget elementor-widget-text-editor\" data-id=\"6f7427b\" data-element_type=\"widget\" data-e-type=\"widget\" data-widget_type=\"text-editor.default\">\n\t\t\t\t<div class=\"elementor-widget-container\">\n\t\t\t\t\t\t\t\t\t<p>Creating happy and unforgettable moments for our customers is what motivates us most.<\/p><p>RIO ALTERNATIVE TOUR guarantees you&#039;ll have fun and memorable moments. We&#039;re recognized for our excellent service, with over 1,000 5-star testimonials from our customers worldwide, across various platforms.<\/p><p>For 6 consecutive years, we have been chosen as one of the best inbound tourism companies by TripAdvisor \u2013 the world&#039;s largest travel platform \u2013 due to the excellent reviews from our customers.<\/p><p>Our great reputation was built tour by tour, with a lot of dedication and love, for our work, for our clients, partners and for life.<\/p><p>We design and organize private tours tailored to your needs, providing small-group experiences, exclusive activities, and unforgettable events throughout Rio de Janeiro.\u00a0<\/p>\t\t\t\t\t\t\t\t<\/div>\n\t\t\t\t<\/div>\n\t\t\t\t\t<\/div>\n\t\t<\/div>\n\t\t\t\t\t<\/div>\n\t\t<\/section>\n\t\t\t\t<div class=\"elementor-element elementor-element-f1312d9 elementor-widget elementor-widget-text-editor\" data-id=\"f1312d9\" data-element_type=\"widget\" data-e-type=\"widget\" data-widget_type=\"text-editor.default\">\n\t\t\t\t<div class=\"elementor-widget-container\">\n\t\t\t\t\t\t\t\t\t<p>Tours, transfers, hotel reservations, event planning\u2014all focused on detail and excellence\u2014we create an atmosphere of pleasure and safety, fulfilling your desire to experience Rio de Janeiro in an exclusive way.<\/p><p>We make your dreams come true and offer you the opportunity to see, feel and taste the best that the wonderful city and its surroundings have to offer.<\/p><p>RIO ALTERNATIVE TOUR has years of experience and professionalism to guarantee a high-quality service with attention to detail and hospitality to ensure excellent results and memorable moments.<\/p><p>We are at your disposal, your family, friends and your clients.<\/p>\t\t\t\t\t\t\t\t<\/div>\n\t\t\t\t<\/div>\n\t\t\t\t\t<\/div>\n\t\t<\/div>\n\t\t\t\t\t<\/div>\n\t\t<\/section>\n\t\t\t\t<section class=\"elementor-section elementor-top-section elementor-element elementor-element-c55e4b1 elementor-section-boxed elementor-section-height-default elementor-section-height-default\" data-id=\"c55e4b1\" data-element_type=\"section\" data-e-type=\"section\" data-settings=\"{&quot;background_background&quot;:&quot;classic&quot;}\">\n\t\t\t\t\t\t<div class=\"elementor-container elementor-column-gap-default\">\n\t\t\t\t\t<div class=\"elementor-column elementor-col-100 elementor-top-column elementor-element elementor-element-3b8736d\" data-id=\"3b8736d\" data-element_type=\"column\" data-e-type=\"column\">\n\t\t\t<div class=\"elementor-widget-wrap elementor-element-populated\">\n\t\t\t\t\t\t<div class=\"elementor-element elementor-element-671f083 elementor-widget elementor-widget-heading\" data-id=\"671f083\" data-element_type=\"widget\" data-e-type=\"widget\" data-widget_type=\"heading.default\">\n\t\t\t\t<div class=\"elementor-widget-container\">\n\t\t\t\t\t<h2 class=\"elementor-heading-title elementor-size-default\">FOUNDERS<\/h2>\t\t\t\t<\/div>\n\t\t\t\t<\/div>\n\t\t\t\t<div class=\"elementor-element elementor-element-5e4991b elementor-widget-divider--view-line elementor-widget elementor-widget-divider\" data-id=\"5e4991b\" data-element_type=\"widget\" data-e-type=\"widget\" data-widget_type=\"divider.default\">\n\t\t\t\t<div class=\"elementor-widget-container\">\n\t\t\t\t\t\t\t<div class=\"elementor-divider\">\n\t\t\t<span class=\"elementor-divider-separator\">\n\t\t\t\t\t\t<\/span>\n\t\t<\/div>\n\t\t\t\t\t\t<\/div>\n\t\t\t\t<\/div>\n\t\t\t\t<div class=\"elementor-element elementor-element-b373496 elementor-hidden-phone elementor-widget elementor-widget-image\" data-id=\"b373496\" data-element_type=\"widget\" data-e-type=\"widget\" data-widget_type=\"image.default\">\n\t\t\t\t<div class=\"elementor-widget-container\">\n\t\t\t\t\t\t\t\t\t\t\t\t\t\t\t<img fetchpriority=\"high\" decoding=\"async\" width=\"1920\" height=\"650\" src=\"https:\/\/rioalternativetour.com.br\/wp-content\/uploads\/2021\/07\/banner-2.jpg\" class=\"attachment-full size-full wp-image-6848\" alt=\"banner-2\" srcset=\"https:\/\/rioalternativetour.com.br\/wp-content\/uploads\/2021\/07\/banner-2.jpg 1920w, https:\/\/rioalternativetour.com.br\/wp-content\/uploads\/2021\/07\/banner-2-300x102.jpg 300w, https:\/\/rioalternativetour.com.br\/wp-content\/uploads\/2021\/07\/banner-2-1024x347.jpg 1024w, https:\/\/rioalternativetour.com.br\/wp-content\/uploads\/2021\/07\/banner-2-768x260.jpg 768w, https:\/\/rioalternativetour.com.br\/wp-content\/uploads\/2021\/07\/banner-2-1536x520.jpg 1536w\" sizes=\"(max-width: 1920px) 100vw, 1920px\" \/>\t\t\t\t\t\t\t\t\t\t\t\t\t\t\t<\/div>\n\t\t\t\t<\/div>\n\t\t\t\t<div class=\"elementor-element elementor-element-33d246a elementor-hidden-desktop elementor-hidden-tablet elementor-widget elementor-widget-image\" data-id=\"33d246a\" data-element_type=\"widget\" data-e-type=\"widget\" data-widget_type=\"image.default\">\n\t\t\t\t<div class=\"elementor-widget-container\">\n\t\t\t\t\t\t\t\t\t\t\t\t\t\t\t<img decoding=\"async\" width=\"1079\" height=\"837\" src=\"https:\/\/rioalternativetour.com.br\/wp-content\/uploads\/2021\/07\/foto-principal-mobile-min.jpg\" class=\"attachment-full size-full wp-image-6928\" alt=\"main-photo-mobile-min\" srcset=\"https:\/\/rioalternativetour.com.br\/wp-content\/uploads\/2021\/07\/foto-principal-mobile-min.jpg 1079w, https:\/\/rioalternativetour.com.br\/wp-content\/uploads\/2021\/07\/foto-principal-mobile-min-300x233.jpg 300w, https:\/\/rioalternativetour.com.br\/wp-content\/uploads\/2021\/07\/foto-principal-mobile-min-1024x794.jpg 1024w, https:\/\/rioalternativetour.com.br\/wp-content\/uploads\/2021\/07\/foto-principal-mobile-min-768x596.jpg 768w\" sizes=\"(max-width: 1079px) 100vw, 1079px\" \/>\t\t\t\t\t\t\t\t\t\t\t\t\t\t\t<\/div>\n\t\t\t\t<\/div>\n\t\t\t\t<div class=\"elementor-element elementor-element-f7a5ac9 elementor-widget elementor-widget-text-editor\" data-id=\"f7a5ac9\" data-element_type=\"widget\" data-e-type=\"widget\" data-widget_type=\"text-editor.default\">\n\t\t\t\t<div class=\"elementor-widget-container\">\n\t\t\t\t\t\t\t\t\t<p>RIO ALTERNATIVE TOUR was created in 2008 by Vicente Cardone, a tireless traveler, true adventurer and lover of the unknown, passionate about exploring different places around the world, for the possibility of exploring the new.<\/p><p>With an ability to understand situations that can occur, or how people can be, interested in learning about different cultures and excited about making new friends, he saw the opportunity to offer a differentiated tourism, with personalized itineraries, in a flexible, safe and comfortable way, aimed at people who believe in quality of life and who seek private, friendly and tailor-made tourism.<\/p><p>In December 2015, the company acquired a new and special member, Lully Sampaio, his wife, companion and friend. <br \/>Confident, bold, but with butterflies in her stomach, she embarked on her fourth career transition: lawyer, financial administrator, finance project manager, and then tour guide and photographer.<br \/><br \/>It was through his experience in resolving issues, dynamism and practicality developed in his professional career, combined with his spontaneous, flexible, patient and fun personality, guiding through his hometown, Rio de Janeiro, was love at first sight, just as it was for Vicente!!<\/p>\t\t\t\t\t\t\t\t<\/div>\n\t\t\t\t<\/div>\n\t\t\t\t\t<\/div>\n\t\t<\/div>\n\t\t\t\t\t<\/div>\n\t\t<\/section>\n\t\t\t\t<\/div>","protected":false},"excerpt":{"rendered":"<p>A EMPRESA Criar momentos felizes e inesquec\u00edveis para nossos clientes \u00e9 o que mais nos motiva. A RIO ALTERNATIVE TOUR garante que voc\u00ea ir\u00e1 se divertir e ter\u00e1 momentos memor\u00e1veis. Somos reconhecidos pela nossa excel\u00eancia no atendimento, com mais de 1.000 depoimentos 5 estrelas de nossos clientes de todo o mundo, em diversas plataformas. Por [&hellip;]<\/p>\n","protected":false},"author":1,"featured_media":0,"parent":0,"menu_order":2,"comment_status":"closed","ping_status":"closed","template":"","meta":{"footnotes":""},"class_list":["post-288","page","type-page","status-publish","hentry"],"_links":{"self":[{"href":"https:\/\/rioalternativetour.com.br\/en\/wp-json\/wp\/v2\/pages\/288","targetHints":{"allow":["GET"]}}],"collection":[{"href":"https:\/\/rioalternativetour.com.br\/en\/wp-json\/wp\/v2\/pages"}],"about":[{"href":"https:\/\/rioalternativetour.com.br\/en\/wp-json\/wp\/v2\/types\/page"}],"author":[{"embeddable":true,"href":"https:\/\/rioalternativetour.com.br\/en\/wp-json\/wp\/v2\/users\/1"}],"replies":[{"embeddable":true,"href":"https:\/\/rioalternativetour.com.br\/en\/wp-json\/wp\/v2\/comments?post=288"}],"version-history":[{"count":0,"href":"https:\/\/rioalternativetour.com.br\/en\/wp-json\/wp\/v2\/pages\/288\/revisions"}],"wp:attachment":[{"href":"https:\/\/rioalternativetour.com.br\/en\/wp-json\/wp\/v2\/media?parent=288"}],"curies":[{"name":"wp","href":"https:\/\/api.w.org\/{rel}","templated":true}]}}